{"id":404,"date":"2026-05-15T11:46:32","date_gmt":"2026-05-15T09:46:32","guid":{"rendered":"https:\/\/ikekuinversiones.com\/?page_id=404"},"modified":"2026-05-15T11:57:02","modified_gmt":"2026-05-15T09:57:02","slug":"aviso-legal","status":"publish","type":"page","link":"https:\/\/ikekuinversiones.com\/index.php\/aviso-legal\/","title":{"rendered":"Aviso Legal"},"content":{"rendered":"\t\t<div data-elementor-type=\"wp-page\" data-elementor-id=\"404\" class=\"elementor elementor-404\">\n\t\t\t\t<div class=\"elementor-element elementor-element-0e81fb1 e-flex e-con-boxed e-con e-parent\" data-id=\"0e81fb1\" data-element_type=\"container\" data-e-type=\"container\" data-settings=\"{&quot;background_background&quot;:&quot;classic&quot;}\">\n\t\t\t\t\t<div class=\"e-con-inner\">\n\t\t\t\t<div class=\"elementor-element elementor-element-4d83396 elementor-widget elementor-widget-spacer\" data-id=\"4d83396\" data-element_type=\"widget\" data-e-type=\"widget\" data-widget_type=\"spacer.default\">\n\t\t\t\t\t\t\t<div class=\"elementor-spacer\">\n\t\t\t<div class=\"elementor-spacer-inner\"><\/div>\n\t\t<\/div>\n\t\t\t\t\t\t<\/div>\n\t\t\t\t<div class=\"elementor-element elementor-element-0300412 elementor-widget elementor-widget-heading\" data-id=\"0300412\" data-element_type=\"widget\" data-e-type=\"widget\" data-widget_type=\"heading.default\">\n\t\t\t\t\t<h1 class=\"elementor-heading-title elementor-size-default\">Aviso Legal<\/h1>\t\t\t\t<\/div>\n\t\t\t\t\t<\/div>\n\t\t\t\t<\/div>\n\t\t<div class=\"elementor-element elementor-element-5b21ca0 e-flex e-con-boxed e-con e-parent\" data-id=\"5b21ca0\" data-element_type=\"container\" data-e-type=\"container\">\n\t\t\t\t\t<div class=\"e-con-inner\">\n\t\t\t\t<div class=\"elementor-element elementor-element-0b4a515 elementor-widget elementor-widget-spacer\" data-id=\"0b4a515\" data-element_type=\"widget\" data-e-type=\"widget\" data-widget_type=\"spacer.default\">\n\t\t\t\t\t\t\t<div class=\"elementor-spacer\">\n\t\t\t<div class=\"elementor-spacer-inner\"><\/div>\n\t\t<\/div>\n\t\t\t\t\t\t<\/div>\n\t\t\t\t<div class=\"elementor-element elementor-element-7025afc elementor-widget elementor-widget-text-editor\" data-id=\"7025afc\" data-element_type=\"widget\" data-e-type=\"widget\" data-widget_type=\"text-editor.default\">\n\t\t\t\t\t\t\t\t\t<p>La direcci\u00f3n de nuestro sitio web es:\u00a0 https:\/\/ikekuinversiones.com\/<\/p><p>Cuando los visitantes dejan mensajes en el sitio, recopilamos los datos que se muestran en el formulario de comentarios, y tambi\u00e9n la direcci\u00f3n IP del visitante y la cadena del agente de usuario del navegador para ayudar a la detecci\u00f3n de spam.<\/p><p>Los aspectos relativos al tratamiento de los datos personales de los Usuarios con motivo del uso del Sitio Web se hallan regulados en el documento Tratamiento de datos personales.<\/p><p>En cumplimiento del Reglamento (UE) 2016\/679, del Parlamento Europeo y del Consejo, de 27 de abril de 2016 (en adelante RGPD),\u00a0<strong>Ikeku Inversiones Inmobiliarias SLU<\/strong>\u00a0pone de manifiesto la presente Pol\u00edtica respecto del tratamiento y protecci\u00f3n de datos personales.<\/p><p><strong>Ikeku Inversiones Inmobiliarias SLU<\/strong>, propietaria del portal www.ikekuinversiones.com, garantiza a todos los usuarios que suministren datos de car\u00e1cter personal para acceder a nuestros servicios que as\u00ed lo requieran, la m\u00e1xima confidencialidad y privacidad de sus datos.<\/p><p><strong>Ikeku Inversiones Inmobiliarias SLU<\/strong> manifiesta su compromiso de cumplir con la legislaci\u00f3n vigente en cada momento en materia de protecci\u00f3n de datos, y a efectos de dar cumplimiento a este compromiso, <strong>Ikeku Inversiones Inmobiliarias SLU<\/strong>\u00a0ha redactado la siguiente Pol\u00edtica de Privacidad, con el fin de que los usuarios determinen libre y voluntariamente qu\u00e9 datos desean suministrar a trav\u00e9s de nuestra web.<\/p><p><strong>Ikeku Inversiones Inmobiliarias SLU<\/strong> se reserva el derecho a modificar la presente Pol\u00edtica para adecuarla a las novedades legislativas o jurisprudenciales o a la pr\u00e1ctica empresarial. La nueva redacci\u00f3n se publicar\u00e1 en este mismo site.<\/p><p>De conformidad con el Reglamento General de Protecci\u00f3n de Datos se le informa que los datos de car\u00e1cter personal que nos proporcione ser\u00e1n objeto de tratamiento por parte de <strong>Ikeku Inversiones Inmobiliarias SLU<\/strong> cuya direcci\u00f3n actual es Ronda de Atocha 37 1 Planta, 28012, Madrid. email: inkekuinversiones@gmail.com<\/p><p>La recogida y tratamiento de los datos personales tiene como finalidades el mantenimiento de la relaci\u00f3n contractual que suscriba con nosotros a trav\u00e9s de la cumplimentaci\u00f3n de los formularios; el env\u00edo, por medios tradicionales y electr\u00f3nicos, de informaci\u00f3n sobre nuestros servicios; y cualquier otro servicio relacionado con la actividad de <strong>Ikeku Inversiones Inmobiliarias SLU<\/strong><strong>\u00a0<\/strong>que podamos considerar de su inter\u00e9s.<\/p><p>El usuario se compromete a proporcionar a <strong>Ikeku Inversiones Inmobiliarias SLU<\/strong> datos verdaderos, exactos, completos y actuales, y se compromete a comunicar a \u00e9sta cualquier modificaci\u00f3n de los mismos siendo el \u00fanico responsable de cualquier da\u00f1o o perjuicio, directo o indirecto que pueda ocasionar a <strong>Ikeku Inversiones Inmobiliarias SLU<\/strong>\u00a0o a cualquier tercero por el incumplimiento de estos t\u00e9rminos.<\/p><p>Salvo que espec\u00edficamente se establezca lo contrario, se considerar\u00e1 necesario cumplimentar todos los datos que se solicitan, pues sin ellos<strong> Ikeku Inversiones Inmobiliarias SLU<\/strong>\u00a0no podr\u00e1 realizar los servicios solicitados por el usuario.<\/p><p><strong>Ikeku Inversiones Inmobiliarias SLU<\/strong> garantiza la adopci\u00f3n de medidas de \u00edndole t\u00e9cnicas y organizativas necesarias para garantizar la confidencialidad, integridad y seguridad de los datos de<br \/>car\u00e1cter personal que eviten su destrucci\u00f3n total o parcial, p\u00e9rdida, alteraci\u00f3n, tratamiento o acceso no autorizado, habida cuenta del estado de la tecnolog\u00eda, la naturaleza de los datos almacenados.<\/p><p>En el caso de acceder a que sus datos sean utilizados con fines comerciales y env\u00edos de ofertas comerciales:<\/p><p><em><strong>Informaci\u00f3n sobre Protecci\u00f3n de Datos<\/strong><\/em><\/p><p>Responsable del Tratamiento\u00a0 <strong>Ikeku Inversiones Inmobiliarias SLU<\/strong><strong>.\u00a0<\/strong>Direcci\u00f3n: Ronda de Atocha 37 1 planta &#8211; 28012 Madrid<\/p><p><strong><em>Finalidad del Tratamiento:\u00a0<\/em><\/strong>Mantener el contacto con el fin de comunicarle novedades, informaci\u00f3n, promociones y soluciones empresariales de nuestra empresa (<strong>Ikeku Inversiones Inmobiliarias SLU<\/strong>)<\/p><p><strong><em>Destinatarios:\u00a0\u00a0<\/em><\/strong>No se comunicar\u00e1n los datos a terceros.<\/p><p><strong><em>Finalidad Adicional (1<\/em><\/strong>) Permitir que la entidad analice las caracter\u00edsticas del<br \/>solicitante para poder elaborar ofertas y promociones personalizadas<\/p><p><strong><em>Plazos o criterios para la conservaci\u00f3n de los datos:\u00a0<\/em><\/strong>La informaci\u00f3n se utilizar\u00e1 mientras el solicitante mantenga este consentimiento<\/p><p><strong><em>Detalle de la base jur\u00eddica del tratamiento<\/em><\/strong><\/p><p>Consentimiento del\/a interesado\/a\u00a0 \u00a0\u2013 Derechos de las personas interesadas<\/p><p>Las personas tienen derecho a acceso, rectificaci\u00f3n, supresi\u00f3n, portabilidad, limitaci\u00f3n del tratamiento y\/u oposici\u00f3n previa solicitud mediante email o escrito a nuestra direcci\u00f3n arriba indicada, as\u00ed como a retirar el consentimiento de manera libre y presentar una reclamaci\u00f3n ante la autoridad de control competente (Agencia Espa\u00f1ola de Protecci\u00f3n de Datos).<\/p><p><strong>Uso de Cookies.<\/strong> Al igual que otros sitios web de contenido comercial, el Sitio Web utiliza una tecnolog\u00eda denominada \u00abcookies\u00bb. En la Pol\u00edtica de Cookies est\u00e1 disponible para el Usuario informaci\u00f3n detallada sobre c\u00f3mo utiliza <strong>Ikeku Inversiones Inmobiliarias SLU<\/strong>\u00a0las cookies.\u00a0<\/p><p><strong>Ley aplicable<\/strong> De conformidad con el art\u00edculo 3 de la LSSI, las leyes aplicables a los servicios de la sociedad de la informaci\u00f3n que <strong>Ikeku Inversiones Inmobiliarias SLU<\/strong> presta a trav\u00e9s del Sitio Web ser\u00e1n las de Espa\u00f1a. Por tanto, en toda cuesti\u00f3n litigiosa que incumba al presente Sitio Web o a cualesquiera conflictos en torno al mismo entre el Usuario y <strong>Ikeku Inversiones Inmobiliarias SLU<\/strong>, ser\u00e1 de aplicaci\u00f3n la legislaci\u00f3n espa\u00f1ola. En caso de notificaci\u00f3n o litigio ser\u00e1 en la Provincia de Madrid, Espa\u00f1a.<\/p>\t\t\t\t\t\t\t\t<\/div>\n\t\t\t\t\t<\/div>\n\t\t\t\t<\/div>\n\t\t\t\t<\/div>\n\t\t","protected":false},"excerpt":{"rendered":"<p>Aviso Legal La direcci\u00f3n de nuestro sitio web es:\u00a0 https:\/\/ikekuinversiones.com\/ Cuando los visitantes dejan mensajes en el sitio, recopilamos los datos que se muestran en el formulario de comentarios, y tambi\u00e9n la direcci\u00f3n IP del visitante y la cadena del agente de usuario del navegador para ayudar a la detecci\u00f3n de spam. Los aspectos relativos [&hellip;]<\/p>\n","protected":false},"author":1,"featured_media":0,"parent":0,"menu_order":0,"comment_status":"closed","ping_status":"closed","template":"","meta":{"_eb_attr":"","footnotes":""},"class_list":["post-404","page","type-page","status-publish","hentry"],"_links":{"self":[{"href":"https:\/\/ikekuinversiones.com\/index.php\/wp-json\/wp\/v2\/pages\/404","targetHints":{"allow":["GET"]}}],"collection":[{"href":"https:\/\/ikekuinversiones.com\/index.php\/wp-json\/wp\/v2\/pages"}],"about":[{"href":"https:\/\/ikekuinversiones.com\/index.php\/wp-json\/wp\/v2\/types\/page"}],"author":[{"embeddable":true,"href":"https:\/\/ikekuinversiones.com\/index.php\/wp-json\/wp\/v2\/users\/1"}],"replies":[{"embeddable":true,"href":"https:\/\/ikekuinversiones.com\/index.php\/wp-json\/wp\/v2\/comments?post=404"}],"version-history":[{"count":7,"href":"https:\/\/ikekuinversiones.com\/index.php\/wp-json\/wp\/v2\/pages\/404\/revisions"}],"predecessor-version":[{"id":413,"href":"https:\/\/ikekuinversiones.com\/index.php\/wp-json\/wp\/v2\/pages\/404\/revisions\/413"}],"wp:attachment":[{"href":"https:\/\/ikekuinversiones.com\/index.php\/wp-json\/wp\/v2\/media?parent=404"}],"curies":[{"name":"wp","href":"https:\/\/api.w.org\/{rel}","templated":true}]}}